{"id":765,"date":"2022-02-23T21:05:43","date_gmt":"2022-02-23T21:05:43","guid":{"rendered":"https:\/\/demo.creativethemes.com\/stagingfour\/?page_id=765"},"modified":"2024-03-27T18:32:29","modified_gmt":"2024-03-27T18:32:29","slug":"contact","status":"publish","type":"page","link":"https:\/\/artesgraficasnavarro.com\/en\/contactar\/","title":{"rendered":"Contact"},"content":{"rendered":"\n<div class=\"wp-block-stackable-spacer stk-block-spacer stk--no-padding stk-block stk-6090630\" data-block-id=\"6090630\"><style>.stk-6090630{height:50px !important}<\/style><\/div>\n\n\n\n<div class=\"wp-block-stackable-columns stk-block-columns stk-block stk-a5bc981 ct-special-features\" data-block-id=\"a5bc981\"><style>.stk-a5bc981{margin-bottom:0px !important}.stk-a5bc981-column{--stk-column-gap:35px !important;row-gap:35px !important}@media screen and (max-width:999px){.stk-a5bc981-column{--stk-column-gap:25px !important}}<\/style><div class=\"stk-row stk-inner-blocks stk-block-content stk-content-align stk-a5bc981-column\">\n<div class=\"wp-block-stackable-column stk-block-column stk-column stk-block stk-622c7a4 stk-block-background\" data-block-id=\"622c7a4\"><style>.stk-622c7a4-container{margin-top:0px !important;margin-right:0px !important;margin-bottom:0px !important;margin-left:0px !important}.stk-622c7a4{background-color:var(--theme-palette-color-8,#ffffff) !important;border-radius:8px !important;overflow:hidden !important;padding-top:80px !important;padding-right:70px !important;padding-bottom:80px !important;padding-left:70px !important}.stk-622c7a4:hover{background-color:var(--theme-palette-color-1,#e65616) !important}.stk-622c7a4:before{background-color:var(--theme-palette-color-8,#ffffff) !important}.stk-622c7a4:hover:before{background-color:var(--theme-palette-color-1,#e65616) !important}@media screen and (max-width:999px){.stk-622c7a4{padding-top:40px !important;padding-right:25px !important;padding-bottom:40px !important;padding-left:25px !important}}<\/style><div class=\"stk-column-wrapper stk-block-column__content stk-container stk-622c7a4-container stk--no-background stk--no-padding\"><div class=\"has-text-align-center stk-block-content stk-inner-blocks stk-622c7a4-inner-blocks\">\n<div class=\"wp-block-stackable-icon stk-block-icon has-text-align-center stk-block stk-ea85267\" data-block-id=\"ea85267\"><style>.stk-ea85267{margin-bottom:30px !important}.stk-ea85267 .stk--svg-wrapper .stk--inner-svg svg:last-child{height:45px !important;width:45px !important}.stk-ea85267 .stk--svg-wrapper .stk--inner-svg svg:last-child,.stk-ea85267 .stk--svg-wrapper .stk--inner-svg svg:last-child :is(g,path,rect,polygon,ellipse){fill:var(--theme-palette-color-4,#ffffff) !important}@media screen and (max-width:999px){.stk-ea85267 .stk--svg-wrapper .stk--inner-svg svg:last-child{height:30px !important;width:30px !important}}<\/style><span class=\"stk--svg-wrapper\"><div class=\"stk--inner-svg\"><svg style=\"height:0;width:0\"><defs><linearGradient id=\"linear-gradient-ea85267\" x1=\"0\" x2=\"100%\" y1=\"0\" y2=\"0\"><stop offset=\"0%\" style=\"stop-opacity:1;stop-color:var(--linear-gradient-ea-85267-color-1)\"><\/stop><stop offset=\"100%\" style=\"stop-opacity:1;stop-color:var(--linear-gradient-ea-85267-color-2)\"><\/stop><\/linearGradient><\/defs><\/svg><svg class=\"ugb-custom-icon\" xmlns=\"http:\/\/www.w3.org\/2000\/svg\" viewBox=\"0 0 50 50\" aria-hidden=\"true\" width=\"32\" height=\"32\">\n  <path d=\"M38.5 5.5C34.9 1.9 30 0 24.8 0 14.2.1 5.6 8.8 5.7 19.5c0 8.1 10.3 21.7 16.4 29.1.2.2.3.4.5.5.7.6 1.6.9 2.4.9 1.1 0 2.2-.5 3-1.4 6.1-7.4 16.4-21 16.4-29.1v-.4c-.1-5.1-2.2-9.9-5.9-13.6zm1.6 14c0 5.6-7.7 17-15 26-7.3-9-15.1-20.4-15.1-26 0-4 1.5-7.8 4.3-10.7 2.8-2.9 6.6-4.5 10.6-4.5h.1c4 0 7.7 1.5 10.5 4.3 2.9 2.8 4.5 6.6 4.5 10.6v.3zm-10.1.1c0 2.7-2.1 4.9-4.8 5-2.7 0-4.9-2.1-5-4.8v-.1c0-2.7 2.1-4.9 4.8-4.9 2.7-.1 4.9 2.1 5 4.8z\" fill=\"#fff\"><\/path>\n<\/svg><\/div><\/span><\/div>\n\n\n\n<div class=\"wp-block-stackable-heading stk-block-heading stk-block-heading--v2 stk-block stk-592ef48\" id=\"taller-impresion-y-estudio\" data-block-id=\"592ef48\"><style>.stk-592ef48{margin-bottom:16px !important}.stk-592ef48 .stk-block-heading__text{font-weight:800 !important}<\/style><h5 class=\"stk-block-heading__text\">Taller impresi\u00f3n y estudio<\/h5><\/div>\n\n\n\n<p class=\"has-text-align-center has-palette-color-4-color has-text-color\">C\/ Lepanto 10<br>46230 Alginet, Valencia.<\/p>\n<\/div><\/div><\/div>\n\n\n\n<div class=\"wp-block-stackable-column stk-block-column stk-column stk-block stk-92b5a22 stk-block-background\" data-block-id=\"92b5a22\"><style>.stk-92b5a22-container{margin-top:0px !important;margin-right:0px !important;margin-bottom:0px !important;margin-left:0px !important}.stk-92b5a22{background-color:var(--theme-palette-color-8,#ffffff) !important;border-radius:8px !important;overflow:hidden !important;padding-top:80px !important;padding-right:70px !important;padding-bottom:80px !important;padding-left:70px !important}.stk-92b5a22:hover{background-color:var(--theme-palette-color-1,#e65616) !important}.stk-92b5a22:before{background-color:var(--theme-palette-color-8,#ffffff) !important}.stk-92b5a22:hover:before{background-color:var(--theme-palette-color-1,#e65616) !important}@media screen and (max-width:999px){.stk-92b5a22{padding-top:40px !important;padding-right:25px !important;padding-bottom:40px !important;padding-left:25px !important}}<\/style><div class=\"stk-column-wrapper stk-block-column__content stk-container stk-92b5a22-container stk--no-background stk--no-padding\"><div class=\"has-text-align-center stk-block-content stk-inner-blocks stk-92b5a22-inner-blocks\">\n<div class=\"wp-block-stackable-icon stk-block-icon has-text-align-center stk-block stk-d34828e\" data-block-id=\"d34828e\"><style>.stk-d34828e{margin-bottom:30px !important}.stk-d34828e .stk--svg-wrapper .stk--inner-svg svg:last-child{height:45px !important;width:45px !important}.stk-d34828e .stk--svg-wrapper .stk--inner-svg svg:last-child,.stk-d34828e .stk--svg-wrapper .stk--inner-svg svg:last-child :is(g,path,rect,polygon,ellipse){fill:var(--theme-palette-color-4,#ffffff) !important}@media screen and (max-width:999px){.stk-d34828e .stk--svg-wrapper .stk--inner-svg svg:last-child{height:30px !important;width:30px !important}}<\/style><span class=\"stk--svg-wrapper\"><div class=\"stk--inner-svg\"><svg style=\"height:0;width:0\"><defs><linearGradient id=\"linear-gradient-d34828e\" x1=\"0\" x2=\"100%\" y1=\"0\" y2=\"0\"><stop offset=\"0%\" style=\"stop-opacity:1;stop-color:var(--linear-gradient-d-34828-e-color-1)\"><\/stop><stop offset=\"100%\" style=\"stop-opacity:1;stop-color:var(--linear-gradient-d-34828-e-color-2)\"><\/stop><\/linearGradient><\/defs><\/svg><svg class=\"ugb-custom-icon\" xmlns=\"http:\/\/www.w3.org\/2000\/svg\" viewBox=\"0 0 50 50\" aria-hidden=\"true\" width=\"32\" height=\"32\">\n  <path d=\"M50 16.4V8c0-1.2-1-2.2-2.2-2.2H2.2C1 5.8 0 6.8 0 8v34c0 1.2 1 2.2 2.2 2.2h45.6c1.2 0 2.2-1 2.2-2.2V16.6v-.2zm-4.4-6.2v5.1L25 28.3l-20.6-13v-5.1h41.2zM4.4 39.8V20.4l19.4 12.3c.4.2.8.3 1.2.3.4 0 .8-.1 1.2-.3l19.5-12.3v19.4H4.4z\" fill=\"#fff\"><\/path>\n<\/svg><\/div><\/span><\/div>\n\n\n\n<div class=\"wp-block-stackable-heading stk-block-heading stk-block-heading--v2 stk-block stk-9334345\" id=\"email-address\" data-block-id=\"9334345\"><style>.stk-9334345{margin-bottom:16px !important}.stk-9334345 .stk-block-heading__text{font-weight:800 !important}<\/style><h5 class=\"stk-block-heading__text\">Email Address<\/h5><\/div>\n\n\n\n<p class=\"has-text-align-center has-palette-color-4-color has-text-color\">info@graficasnavarro.es<br>correo@artesgraficasnavarro.com<\/p>\n<\/div><\/div><\/div>\n\n\n\n<div class=\"wp-block-stackable-column stk-block-column stk-column stk-block stk-5dedb98 stk-block-background\" data-block-id=\"5dedb98\"><style>.stk-5dedb98-container{margin-top:0px !important;margin-right:0px !important;margin-bottom:0px !important;margin-left:0px !important}.stk-5dedb98{background-color:var(--theme-palette-color-8,#ffffff) !important;border-radius:8px !important;overflow:hidden !important;padding-top:80px !important;padding-right:70px !important;padding-bottom:80px !important;padding-left:70px !important}.stk-5dedb98:hover{background-color:var(--theme-palette-color-1,#e65616) !important}.stk-5dedb98:before{background-color:var(--theme-palette-color-8,#ffffff) !important}.stk-5dedb98:hover:before{background-color:var(--theme-palette-color-1,#e65616) !important}@media screen and (max-width:999px){.stk-5dedb98{padding-top:40px !important;padding-right:25px !important;padding-bottom:40px !important;padding-left:25px !important}}<\/style><div class=\"stk-column-wrapper stk-block-column__content stk-container stk-5dedb98-container stk--no-background stk--no-padding\"><div class=\"has-text-align-center stk-block-content stk-inner-blocks stk-5dedb98-inner-blocks\">\n<div class=\"wp-block-stackable-icon stk-block-icon has-text-align-center stk-block stk-a02b7b8\" data-block-id=\"a02b7b8\"><style>.stk-a02b7b8{margin-bottom:30px !important}.stk-a02b7b8 .stk--svg-wrapper .stk--inner-svg svg:last-child{height:45px !important;width:45px !important}.stk-a02b7b8 .stk--svg-wrapper .stk--inner-svg svg:last-child,.stk-a02b7b8 .stk--svg-wrapper .stk--inner-svg svg:last-child :is(g,path,rect,polygon,ellipse){fill:var(--theme-palette-color-4,#ffffff) !important}@media screen and (max-width:999px){.stk-a02b7b8 .stk--svg-wrapper .stk--inner-svg svg:last-child{height:30px !important;width:30px !important}}<\/style><span class=\"stk--svg-wrapper\"><div class=\"stk--inner-svg\"><svg style=\"height:0;width:0\"><defs><linearGradient id=\"linear-gradient-a02b7b8\" x1=\"0\" x2=\"100%\" y1=\"0\" y2=\"0\"><stop offset=\"0%\" style=\"stop-opacity:1;stop-color:var(--linear-gradient-a-02-b-7-b-8-color-1)\"><\/stop><stop offset=\"100%\" style=\"stop-opacity:1;stop-color:var(--linear-gradient-a-02-b-7-b-8-color-2)\"><\/stop><\/linearGradient><\/defs><\/svg><svg class=\"ugb-custom-icon\" xmlns=\"http:\/\/www.w3.org\/2000\/svg\" viewBox=\"0 0 50 50\" aria-hidden=\"true\" width=\"32\" height=\"32\">\n  <path d=\"M36.9 50c-4.9 0-12.6-2.7-23.4-13.6C6.2 29.1 1.8 22.5.5 16.7-1 10.5 1.4 7.2 2.6 6l4.7-4.7c1.7-1.7 4.5-1.7 6.3 0 .1.1.2.3.3.4l6.8 8.8c1.4 1.8 1.2 4.3-.4 5.9l-2.5 2.5c-.2.3-.3.7-.3 1.1v.2c.1 1.2 2.1 4.8 4.7 7.5 2.7 2.7 6.3 4.7 7.5 4.7h.2c.4.1.8 0 1.1-.3l2.5-2.5c1.6-1.6 4.1-1.7 5.9-.3l8.7 6.8c.9.8 1.5 1.8 1.7 3 .1 1.2-.2 2.3-.9 3.3-.1.1-.2.3-.3.4l-4.7 4.7c-.7.7-2.9 2.5-7 2.5zM10.4 4.2c-.1 0-.1 0-.2.1L5.5 9c-.5.5-2 2.4-1 6.8.8 3.5 3.6 9.3 11.9 17.7 14 14 22.2 13.3 24.5 11l4.7-4.7c.1-.1.1-.3 0-.4L37 32.6c-.1-.1-.3-.1-.4 0L34 35.2c-.1.1-.1.1-.2.1-1.2 1-2.8 1.4-4.3 1.2-2.8-.2-7.3-3.2-10.1-6s-5.8-7.3-6-10.1c-.2-1.5.3-3.1 1.2-4.3 0-.1.1-.1.2-.2l2.6-2.6c.1-.1.1-.2 0-.3l-6.8-8.8h-.2zM4 7.5z\" fill=\"#fff\"><\/path>\n<\/svg><\/div><\/span><\/div>\n\n\n\n<div class=\"wp-block-stackable-heading stk-block-heading stk-block-heading--v2 stk-block stk-583731d\" id=\"telefono\" data-block-id=\"583731d\"><style>.stk-583731d{margin-bottom:16px !important}.stk-583731d .stk-block-heading__text{font-weight:800 !important}<\/style><h5 class=\"stk-block-heading__text\">Tel\u00e9fono<\/h5><\/div>\n\n\n\n<p class=\"has-text-align-center has-palette-color-4-color has-text-color\">+34 96 175 19 80<br><\/p>\n<\/div><\/div><\/div>\n<\/div><\/div>\n\n\n\n<div class=\"wp-block-stackable-spacer stk-block-spacer stk--no-padding stk-block stk-6a8268d\" data-block-id=\"6a8268d\"><style>.stk-6a8268d{height:150px !important}@media screen and (max-width:999px){.stk-6a8268d{height:100px !important}}@media screen and (max-width:689px){.stk-6a8268d{height:50px !important}}<\/style><\/div>\n\n\n\n<div class=\"wp-block-stackable-columns stk-block-columns stk-block stk-1dc5942\" data-block-id=\"1dc5942\"><style>.stk-1dc5942 .stk--block-align-1dc5942{align-items:center !important}.stk-1dc5942{margin-bottom:0px !important}.stk-1dc5942-column{--stk-column-gap:35px !important}@media screen and (max-width:689px){.stk-1dc5942-column{row-gap:35px !important}}<\/style><div class=\"stk-row stk-inner-blocks stk--block-align-1dc5942 stk-block-content stk-content-align stk-1dc5942-column\">\n<div class=\"wp-block-stackable-column stk-block-column stk-column stk-block stk-3b6674e\" data-block-id=\"3b6674e\"><style>.stk-3b6674e-container{margin-top:0px !important;margin-right:0px !important;margin-bottom:0px !important;margin-left:0px !important}<\/style><div class=\"stk-column-wrapper stk-block-column__content stk-container stk-3b6674e-container stk--no-background stk--no-padding\"><div class=\"stk-block-content stk-inner-blocks stk-3b6674e-inner-blocks\">\n<figure class=\"wp-block-image size-full\"><img loading=\"lazy\" decoding=\"async\" width=\"578\" height=\"686\" src=\"https:\/\/artesgraficasnavarro.com\/wp-content\/uploads\/2024\/03\/contacta-con-salva.png\" alt=\"\" class=\"wp-image-817\" title=\"\" srcset=\"https:\/\/artesgraficasnavarro.com\/wp-content\/uploads\/2024\/03\/contacta-con-salva.png 578w, https:\/\/artesgraficasnavarro.com\/wp-content\/uploads\/2024\/03\/contacta-con-salva-253x300.png 253w\" sizes=\"auto, (max-width: 578px) 100vw, 578px\" \/><figcaption><\/figcaption><\/figure>\n<\/div><\/div><\/div>\n\n\n\n<div class=\"wp-block-stackable-column stk-block-column stk-column stk-block stk-93c6013\" data-block-id=\"93c6013\"><style>.stk-93c6013-container{margin-top:0px !important;margin-right:0px !important;margin-bottom:0px !important;margin-left:0px !important}<\/style><div class=\"stk-column-wrapper stk-block-column__content stk-container stk-93c6013-container stk--no-background stk--no-padding\"><div class=\"has-text-align-center-mobile stk-block-content stk-inner-blocks stk-93c6013-inner-blocks\">\n<div class=\"wp-block-stackable-text stk-block-text stk-block stk-4cd3df7\" data-block-id=\"4cd3df7\"><style>.stk-4cd3df7{margin-bottom:16px !important}.stk-4cd3df7 .stk-block-text__text{color:var(--theme-palette-color-1,#e65616) !important;font-weight:900 !important;text-transform:uppercase !important}<\/style><p class=\"stk-block-text__text has-text-color has-palette-color-1-color has-text-align-center-mobile\">Estemos en contacto<\/p><\/div>\n\n\n\n<div class=\"wp-block-stackable-heading stk-block-heading stk-block-heading--v2 stk-block stk-409217e\" id=\"hablemos-sobre-tu-proyecto-grafico\" data-block-id=\"409217e\"><style>.stk-409217e{margin-bottom:30px !important}.stk-409217e .stk-block-heading__text{font-size:60px !important;line-height:1em !important;font-weight:800 !important}@media screen and (max-width:999px){.stk-409217e .stk-block-heading__text{font-size:40px !important}}<\/style><h2 class=\"stk-block-heading__text has-text-align-center-mobile\">Hablemos sobre tu proyecto gr\u00e1fico.<\/h2><\/div>\n\n\n\n<div class=\"wp-block-stackable-text stk-block-text stk-block stk-8703991\" data-block-id=\"8703991\"><style>.stk-8703991{margin-bottom:35px !important}<\/style><p class=\"stk-block-text__text has-text-align-center-mobile\">Un enfoque personalizado y \u00fanico, aportando experiencia contrastada en impresi\u00f3n y dise\u00f1o, transformando tus ideas en resultados visuales impactantes y de alta calidad.<\/p><\/div>\n\n\n<div class=\"wpforms-container wpforms-block wpforms-block-dbdac547-6334-4808-98d9-f295efc52f88 wpforms-render-modern\" id=\"wpforms-378\"><form id=\"wpforms-form-378\" class=\"wpforms-validate wpforms-form\" data-formid=\"378\" method=\"post\" enctype=\"multipart\/form-data\" action=\"\/en\/wp-json\/wp\/v2\/pages\/765\" data-token=\"4e866626dd2a0cb59bdda460f60b754a\" data-token-time=\"1775313062\"><noscript class=\"wpforms-error-noscript\">Please enable JavaScript in your browser to complete this form.<\/noscript><div id=\"wpforms-error-noscript\" style=\"display: none;\">Please enable JavaScript in your browser to complete this form.<\/div><div class=\"wpforms-field-container\"><div id=\"wpforms-378-field_0-container\" class=\"wpforms-field wpforms-field-name\" data-field-id=\"0\"><label class=\"wpforms-field-label wpforms-label-hide\" for=\"wpforms-378-field_0\" aria-hidden=\"false\">Nombre <span class=\"wpforms-required-label\" aria-hidden=\"true\">*<\/span><\/label><input type=\"text\" id=\"wpforms-378-field_0\" class=\"wpforms-field-large wpforms-field-required\" name=\"wpforms[fields][0]\" placeholder=\"nombre\" aria-errormessage=\"wpforms-378-field_0-error\" required><\/div><div id=\"wpforms-378-field_1-container\" class=\"wpforms-field wpforms-field-email wpforms-one-half wpforms-first\" data-field-id=\"1\"><label class=\"wpforms-field-label wpforms-label-hide\" for=\"wpforms-378-field_1\" aria-hidden=\"false\">Correo electr\u00f3nico <span class=\"wpforms-required-label\" aria-hidden=\"true\">*<\/span><\/label><input type=\"email\" id=\"wpforms-378-field_1\" class=\"wpforms-field-large wpforms-field-required\" name=\"wpforms[fields][1]\" placeholder=\"Correo electr\u00f3nico\" spellcheck=\"false\" aria-errormessage=\"wpforms-378-field_1-error\" required><\/div><div id=\"wpforms-378-field_5-container\" class=\"wpforms-field wpforms-field-text wpforms-one-half wpforms-second\" data-field-id=\"5\"><label class=\"wpforms-field-label wpforms-label-hide\" for=\"wpforms-378-field_5\" aria-hidden=\"false\">Tel\u00e9fono<\/label><input type=\"text\" id=\"wpforms-378-field_5\" class=\"wpforms-field-large\" name=\"wpforms[fields][5]\" value=\"Tel\u00e9fono de contacto\" aria-errormessage=\"wpforms-378-field_5-error\" ><\/div><div id=\"wpforms-378-field_3-container\" class=\"wpforms-field wpforms-field-select wpforms-field-select-style-classic\" data-field-id=\"3\"><label class=\"wpforms-field-label wpforms-label-hide\" for=\"wpforms-378-field_3\" aria-hidden=\"false\">Presupuesto<\/label><select id=\"wpforms-378-field_3\" class=\"wpforms-field-large\" name=\"wpforms[fields][3]\"><option value=\"\" class=\"placeholder\" disabled  selected='selected'>Presupuesto<\/option><option value=\"500\u20ac - 1000\u20ac\"  class=\"choice-1 depth-1\"  >500\u20ac &#8211; 1000\u20ac<\/option><option value=\"1000\u20ac - 2000\u20ac\"  class=\"choice-2 depth-1\"  >1000\u20ac &#8211; 2000\u20ac<\/option><option value=\"+2000\u20ac\"  class=\"choice-3 depth-1\"  >+2000\u20ac<\/option><\/select><\/div><div id=\"wpforms-378-field_2-container\" class=\"wpforms-field wpforms-field-textarea\" data-field-id=\"2\"><label class=\"wpforms-field-label wpforms-label-hide\" for=\"wpforms-378-field_2\" aria-hidden=\"false\">Comentario o mensaje <span class=\"wpforms-required-label\" aria-hidden=\"true\">*<\/span><\/label><textarea id=\"wpforms-378-field_2\" class=\"wpforms-field-medium wpforms-field-required\" name=\"wpforms[fields][2]\" placeholder=\"Comentario o mensaje\" aria-errormessage=\"wpforms-378-field_2-error\" required><\/textarea><\/div><\/div><!-- .wpforms-field-container --><div class=\"wpforms-submit-container\" ><input type=\"hidden\" name=\"wpforms[id]\" value=\"378\"><input type=\"hidden\" name=\"page_title\" value=\"\"><input type=\"hidden\" name=\"page_url\" value=\"https:\/\/artesgraficasnavarro.com\/en\/wp-json\/wp\/v2\/pages\/765\"><input type=\"hidden\" name=\"url_referer\" value=\"\"><button type=\"submit\" name=\"wpforms[submit]\" id=\"wpforms-submit-378\" class=\"wpforms-submit\" data-alt-text=\"Enviando...\" data-submit-text=\"Enviar mensaje\" aria-live=\"assertive\" value=\"wpforms-submit\">Enviar mensaje<\/button><\/div><\/form><\/div>  <!-- .wpforms-container --><\/div><\/div><\/div>\n<\/div><\/div>\n\n\n\n<div class=\"wp-block-stackable-spacer stk-block-spacer stk--no-padding stk-block stk-34452c0\" data-block-id=\"34452c0\"><\/div>\n","protected":false},"excerpt":{"rendered":"<p>Printing workshop and studio C\/ Lepanto 1046230 Alginet, Valencia. Email Address info@graficasnavarro.escorreo@artesgraficasnavarro.com Telephone +34 96 175 19 80 Let&#039;s be in touch Let&#039;s talk about your graphic project. A personalized and unique approach, providing proven experience in printing and design, transforming your ideas into impactful, high-quality visual results.<\/p>","protected":false},"author":1,"featured_media":0,"parent":0,"menu_order":0,"comment_status":"closed","ping_status":"closed","template":"","meta":{"footnotes":""},"class_list":["post-765","page","type-page","status-publish","hentry"],"blocksy_meta":{"styles_descriptor":{"styles":{"desktop":"","tablet":"","mobile":""},"google_fonts":[],"version":6}},"_links":{"self":[{"href":"https:\/\/artesgraficasnavarro.com\/en\/wp-json\/wp\/v2\/pages\/765","targetHints":{"allow":["GET"]}}],"collection":[{"href":"https:\/\/artesgraficasnavarro.com\/en\/wp-json\/wp\/v2\/pages"}],"about":[{"href":"https:\/\/artesgraficasnavarro.com\/en\/wp-json\/wp\/v2\/types\/page"}],"author":[{"embeddable":true,"href":"https:\/\/artesgraficasnavarro.com\/en\/wp-json\/wp\/v2\/users\/1"}],"replies":[{"embeddable":true,"href":"https:\/\/artesgraficasnavarro.com\/en\/wp-json\/wp\/v2\/comments?post=765"}],"version-history":[{"count":0,"href":"https:\/\/artesgraficasnavarro.com\/en\/wp-json\/wp\/v2\/pages\/765\/revisions"}],"wp:attachment":[{"href":"https:\/\/artesgraficasnavarro.com\/en\/wp-json\/wp\/v2\/media?parent=765"}],"curies":[{"name":"wp","href":"https:\/\/api.w.org\/{rel}","templated":true}]}}