{"id":719,"date":"2022-02-23T14:48:44","date_gmt":"2022-02-23T14:48:44","guid":{"rendered":"https:\/\/demo.creativethemes.com\/stagingfour\/?page_id=3"},"modified":"2025-01-14T11:49:46","modified_gmt":"2025-01-14T11:49:46","slug":"legal","status":"publish","type":"page","link":"https:\/\/artesgraficasnavarro.com\/en\/legal\/","title":{"rendered":"Legal note"},"content":{"rendered":"<div class=\"wp-block-stackable-heading stk-block-heading stk-block-heading--v2 stk-block stk-7916010\" id=\"identificacion\" data-block-id=\"7916010\"><h2 class=\"stk-block-heading__text\">ID<\/h2><\/div>\n\n\n\n<p>In compliance with the duty of information contained in article 10 of Law 34\/2002, of July 11, on Information Society Services and Electronic Commerce, users are informed that the owner of the artesgraficasnavarro website .com, artesgraficasnavarro.es and graficasnavarro.es as is Salvador Navarro Palau with NIF 73565245-K, hereinafter &quot;Artes Gr\u00e1ficas Navarro&quot;, with address at 10 Lepanto Street in Alginet, Valencia, and contact email address: email @artesgraficasnavarro.com<\/p>\n\n\n\n<div class=\"wp-block-stackable-heading stk-block-heading stk-block-heading--v2 stk-block stk-de16476\" id=\"objeto\" data-block-id=\"de16476\"><h2 class=\"stk-block-heading__text\">Object<\/h2><\/div>\n\n\n\n<p>This website has been designed to publicize and allow public access to information regarding the content and professional services offered by the Company. The above description does not constitute an exhaustive list, and does not limit or exclude other content or services that are related and that can also be accessed through this page, always subject to the same terms and conditions.<\/p>\n\n\n\n<div class=\"wp-block-stackable-heading stk-block-heading stk-block-heading--v2 stk-block stk-d914d91\" id=\"condiciones-de-uso-y-politica-de-precios\" data-block-id=\"d914d91\"><h2 class=\"stk-block-heading__text\">Terms of Use and pricing policy<\/h2><\/div>\n\n\n\n<p>The use of this website implies full acceptance of the terms and conditions stipulated here. The Company reserves the right to update and modify both this legal notice and any content of the website without prior notice. Unless otherwise indicated, where applicable, all prices indicated will be final, and will always include the corresponding taxes applicable in accordance with the law.<\/p>\n\n\n\n<div class=\"wp-block-stackable-heading stk-block-heading stk-block-heading--v2 stk-block stk-403f7d2\" id=\"propiedad-intelectual-e-industrial\" data-block-id=\"403f7d2\"><h2 class=\"stk-block-heading__text\">Intellectual and Industrial Property<\/h2><\/div>\n\n\n\n<p>All contents of the website, including, but not limited to, texts, photographs, graphics, images, icons, technology, software, links and other audiovisual or sound content, as well as its graphic design and source codes, are the intellectual property of the Company or third parties, without any exploitation rights over them being transferred to the user beyond what is strictly necessary for the correct use of the website.<\/p>\n\n\n\n<div class=\"wp-block-stackable-heading stk-block-heading stk-block-heading--v2 stk-block stk-e885369\" id=\"legislacion-aplicable-y-jurisdiccion\" data-block-id=\"e885369\"><h2 class=\"stk-block-heading__text\">Applicable Law and Jurisdiction<\/h2><\/div>\n\n\n\n<p>This legal note is governed by Spanish legislation. To resolve any conflict that may arise from visiting the website or using the services that may be offered therein, the Company and the user agree to submit to the judges and courts of the user&#039;s domicile, provided that the user is located in Spanish territory.<\/p>\n\n\n\n<div class=\"wp-block-stackable-spacer stk-block-spacer stk--no-padding stk-block stk-43b99e1\" data-block-id=\"43b99e1\"><style>.stk-43b99e1{height:100px !important}<\/style><\/div>\n\n\n\n<div class=\"wp-block-stackable-heading stk-block-heading stk-block-heading--v2 stk-block stk-61d9e81\" id=\"privacidad\" data-block-id=\"61d9e81\"><h1 class=\"stk-block-heading__text\"><strong>Privacy Policy<\/strong><\/h1><\/div>\n\n\n\n<p>This Privacy Policy establishes the terms in which Artes Gr\u00e1ficas Navarro uses and protects the information that is provided by its users when using its website and services. This company is committed to the security of its users&#039; data. When we ask you to fill out personal information fields with which you can be identified, we do so ensuring that it will only be used in accordance with the terms of this document.<\/p>\n\n\n\n<div class=\"wp-block-stackable-heading stk-block-heading stk-block-heading--v2 stk-block stk-7d0ba33\" id=\"strong-informacion-recopilada-strong\" data-block-id=\"7d0ba33\"><h2 class=\"stk-block-heading__text\"><strong>Information Collected<\/strong><\/h2><\/div>\n\n\n\n<p>Our services may collect personal information, for example: Name, contact information such as your email address and demographics. Likewise, when necessary, specific information may be required to process an order or make a delivery or billing.<\/p>\n\n\n\n<div class=\"wp-block-stackable-heading stk-block-heading stk-block-heading--v2 stk-block stk-0f2cc16\" id=\"strong-uso-de-la-informacion-strong\" data-block-id=\"0f2cc16\"><h2 class=\"stk-block-heading__text\"><strong>Use of Information<\/strong><\/h2><\/div>\n\n\n\n<p>Our company uses the information in order to provide the best possible service, particularly to maintain a record of users, orders if applicable, and improve our products and services. Emails may be sent periodically through our site with special offers, new products and other advertising information that we consider relevant to you or that may provide you with some benefit, these emails will be sent to the address you provide and may be canceled. whenever.<\/p>\n\n\n\n<p>Artes Gr\u00e1ficas Navarro is committed to fulfilling its commitment to keeping your information secure. We use the most advanced systems and constantly update them to ensure that there is no unauthorized access.<\/p>\n\n\n\n<div class=\"wp-block-stackable-heading stk-block-heading stk-block-heading--v2 stk-block stk-689fbb9\" id=\"strong-control-de-su-informacion-personal-strong\" data-block-id=\"689fbb9\"><h2 class=\"stk-block-heading__text\"><strong>Control of your Personal Information<\/strong><\/h2><\/div>\n\n\n\n<p>At any time you may restrict the collection or use of personal information that is provided to our website. Each time you are asked to fill out a form, such as the user registration form, you can check or uncheck the option to receive information by email. If you have selected the option to receive our newsletter or advertising, you can cancel it at any time.<\/p>\n\n\n\n<p>Artes Gr\u00e1ficas Navarro will not sell, transfer or distribute the personal information that is collected without your consent, unless required by a judge with a court order.<\/p>\n\n\n\n<p>Artes Gr\u00e1ficas Navarro reserves the right to change the terms of this Privacy Policy at any time.<\/p>\n\n\n\n<div class=\"wp-block-stackable-heading stk-block-heading stk-block-heading--v2 stk-block stk-4014e8b\" id=\"strong-aceptacion-de-terminos-strong\" data-block-id=\"4014e8b\"><h2 class=\"stk-block-heading__text\"><strong>Acceptance of Terms<\/strong><\/h2><\/div>\n\n\n\n<p>By using this site, you agree to the terms of this Privacy Policy and any changes made in the future, and you agree to review this policy regularly to ensure that you agree with such changes.<\/p>","protected":false},"excerpt":{"rendered":"<p>Identificaci\u00f3n En cumplimiento con el deber de informaci\u00f3n recogido en el art\u00edculo 10 de la Ley 34\/2002, de 11 de julio, de Servicios de la Sociedad de la Informaci\u00f3n y de Comercio Electr\u00f3nico, se informa a los usuarios de que el titular del sitio web artesgraficasnavarro.com, artesgraficasnavarro.es y graficasnavarro.es como es Salvador Navarro Palau con [&hellip;]<\/p>\n","protected":false},"author":1,"featured_media":0,"parent":0,"menu_order":0,"comment_status":"closed","ping_status":"open","template":"","meta":{"footnotes":""},"class_list":["post-719","page","type-page","status-publish","hentry"],"blocksy_meta":{"styles_descriptor":{"styles":{"desktop":"","tablet":"","mobile":""},"google_fonts":[],"version":6}},"_links":{"self":[{"href":"https:\/\/artesgraficasnavarro.com\/en\/wp-json\/wp\/v2\/pages\/719","targetHints":{"allow":["GET"]}}],"collection":[{"href":"https:\/\/artesgraficasnavarro.com\/en\/wp-json\/wp\/v2\/pages"}],"about":[{"href":"https:\/\/artesgraficasnavarro.com\/en\/wp-json\/wp\/v2\/types\/page"}],"author":[{"embeddable":true,"href":"https:\/\/artesgraficasnavarro.com\/en\/wp-json\/wp\/v2\/users\/1"}],"replies":[{"embeddable":true,"href":"https:\/\/artesgraficasnavarro.com\/en\/wp-json\/wp\/v2\/comments?post=719"}],"version-history":[{"count":0,"href":"https:\/\/artesgraficasnavarro.com\/en\/wp-json\/wp\/v2\/pages\/719\/revisions"}],"wp:attachment":[{"href":"https:\/\/artesgraficasnavarro.com\/en\/wp-json\/wp\/v2\/media?parent=719"}],"curies":[{"name":"wp","href":"https:\/\/api.w.org\/{rel}","templated":true}]}}